{"id":26,"date":"2020-03-14T00:01:13","date_gmt":"2020-03-14T00:01:13","guid":{"rendered":"https:\/\/www.sattvarosascolombia.com\/admin\/?page_id=26"},"modified":"2020-04-13T23:24:00","modified_gmt":"2020-04-13T23:24:00","slug":"blog","status":"publish","type":"page","link":"https:\/\/sattvarosascolombia.com\/index.php\/blog\/","title":{"rendered":"Blog"},"content":{"rendered":"\n<p><strong>Impr\u00e9gnate de la&nbsp; belleza y &nbsp;aroma de jazm\u00edn y conoce sus beneficios<\/strong><\/p>\n\n\n\n<figure class=\"wp-block-image size-large\"><img fetchpriority=\"high\" decoding=\"async\" width=\"500\" height=\"334\" src=\"https:\/\/www.sattvarosascolombia.com\/admin\/wp-content\/uploads\/2020\/04\/1.jpg\" alt=\"azm\u00edn blanco\" class=\"wp-image-249\" srcset=\"https:\/\/sattvarosascolombia.com\/wp-content\/uploads\/2020\/04\/1.jpg 500w, https:\/\/sattvarosascolombia.com\/wp-content\/uploads\/2020\/04\/1-300x200.jpg 300w, https:\/\/sattvarosascolombia.com\/wp-content\/uploads\/2020\/04\/1-416x278.jpg 416w\" sizes=\"(max-width: 500px) 100vw, 500px\" \/><\/figure>\n\n\n\n<p>Jazm\u00edn es una\npalabra de origen &nbsp;persa qu\u00e9 significa \u201c\nEl regalo de los dioses\u201d. Se le conoce como \u201cEl que florece en la noche\u201d . Por\nsiglos&nbsp; ha sido una &nbsp;planta esencial en palacios y casas se\u00f1oriales\nde Oriente, principalmente por el dulce aroma que desprenden durante la noche.\nEncarna el equilibrio perfecto\nentre belleza y fragancia, por lo que est\u00e1 considerada una de las&nbsp;<a href=\"https:\/\/www.floraqueen.es\/ramos-de-flores\">flores<\/a>&nbsp;m\u00e1s populares\nde todo el mundo.<\/p>\n\n\n\n<p>En India son frecuentes las\nim\u00e1genes de enamorados, iluminados por la luz de la luna y rodeados de\njazmines. En la tradici\u00f3n hind\u00fa, el dios del amor, Kama, untaba la punta de sus\nflechas con aceite de jazm\u00edn antes de hacer blanco en el coraz\u00f3n de los\nmortales. En el siglo z a.C., el m\u00e9dico griego Diosc\u00f3rides mencion\u00f3 en uno de\nsus libros que los hombres y mujeres de Persia se perfumaban con&nbsp;<strong>aceite\nde jazm\u00edn<\/strong>&nbsp;antes de hacer el amor. Junto con el jacinto y\nla rosa, el jazm\u00edn aparece con frecuencia en la poes\u00eda suf\u00ed, como met\u00e1fora del\namor y los anhelos espirituales. Entre los cristianos, el jazm\u00edn se convirti\u00f3\nen s\u00edmbolo de \u00abdivina esperanza\u00bb. Sus flores estrelladas son s\u00edmbolo de\nbienaventuranza. En la medicina &nbsp;ayurverdica*&nbsp; se utilizan las flores blancas del Jazm\u00edn por\nsu cualidad sattvica .<\/p>\n\n\n\n<p>El potencial del jazm\u00edn va mucho m\u00e1s all\u00e1 de su\naspecto y aroma. Hoy vamos a descubrir la versatilidad, los usos, beneficios,\ntips &nbsp;y significados del jazm\u00edn<\/p>\n\n\n\n<figure class=\"wp-block-image size-large\"><img decoding=\"async\" width=\"1024\" height=\"576\" src=\"https:\/\/www.sattvarosascolombia.com\/admin\/wp-content\/uploads\/2020\/04\/2-1024x576.png\" alt=\"sos de jazmin titulo\" class=\"wp-image-250\" srcset=\"https:\/\/sattvarosascolombia.com\/wp-content\/uploads\/2020\/04\/2-1024x576.png 1024w, https:\/\/sattvarosascolombia.com\/wp-content\/uploads\/2020\/04\/2-600x338.png 600w, https:\/\/sattvarosascolombia.com\/wp-content\/uploads\/2020\/04\/2-300x169.png 300w, https:\/\/sattvarosascolombia.com\/wp-content\/uploads\/2020\/04\/2-768x432.png 768w, https:\/\/sattvarosascolombia.com\/wp-content\/uploads\/2020\/04\/2.png 1280w\" sizes=\"(max-width: 1024px) 100vw, 1024px\" \/><\/figure>\n\n\n\n<p><strong>Qu\u00e9 simboliza el&nbsp; Jazmin?<\/strong><\/p>\n\n\n\n<p><strong>Pureza y maternidad. <\/strong>Representa a la&nbsp; belleza, as\u00ed como a la maternidad. Se trata\nde un regalo perfecto para regalar a una madre el d\u00eda de su cumplea\u00f1os.<\/p>\n\n\n\n<p><strong>Amor y afecto.&nbsp; <\/strong>En\nalgunos pa\u00edses del Lejano Oriente, como Filipinas o Indonesia, se usa&nbsp; como motivo decorativo en bodas donde, adem\u00e1s\nde aportar&nbsp; con su fragancia, transmite\nconceptos de compromiso o el amor profundo y espiritual.<\/p>\n\n\n\n<p><strong>Espiritualidad<\/strong><strong><\/strong><\/p>\n\n\n\n<p>El\njazm\u00edn suele usarse tambi\u00e9n para decorar edificios religiosos, tanto en Oriente\ncomo en Occidente. Varias religiones en todo el mundo, desde tiempos\ninmemoriales, recurren a esta sencilla flor para transmitir espiritualidad.<\/p>\n\n\n\n<p><strong>Amistad<\/strong><\/p>\n\n\n\n<p>Adem\u00e1s\nde usarse para transmitir sentimientos profundos, el jazm\u00edn tambi\u00e9n puede\nservir para expresar emociones m\u00e1s sencillas, como la amistad. La explicaci\u00f3n\nla encontramos en su condici\u00f3n de flor nacional en muchos pa\u00edses de todo el\nmundo, incluyendo Pakist\u00e1n, Tailandia e Indonesia.<\/p>\n\n\n\n<p><strong>Beneficios\n:<\/strong><\/p>\n\n\n\n<ul><li>Ayudar a\naliviar trastornos emocionales y&nbsp; salir\nde estados de baja vibraci\u00f3n.<\/li><li>Es\naltamente calmante <\/li><li>Elimina\ntoxinas y ayuda a desintoxicar el est\u00f3mago <\/li><li>Combate\nla tos y resfriado com\u00fan<\/li><li>Es\nantis\u00e9ptico y analg\u00e9sico<\/li><li>Favorece\nla digesti\u00f3n <\/li><li>Tiene\npropiedades antivirales <\/li><li>En la\nmujer es un potente t\u00f3nico uterino que facilita la menstruaci\u00f3n, act\u00faa como\nregulador en caso de flujo escaso, alivia los dolores del parto y trata la\ndepresi\u00f3n post parto .<\/li><li>&nbsp;En el caso del hombre puede usarse para tratar\nel agrandamiento de la pr\u00f3stata y para reforzar sus \u00f3rganos sexuales. En\ngeneral se aconseja para casos de frigidez, impotencia de origen psicol\u00f3gico ya\nque ayuda a disolver las tensiones , estimula el sistema circulatorio y aumenta\nel flujo sangu\u00edneo hacia las zonas er\u00f3genas.<\/li><li>Hay\nquien dice que tiene&nbsp;<strong>efectos afrodisiacos<\/strong>. Sus\npropiedades er\u00f3genas han sido atribuidas a la presencia de&nbsp;<em>indol<\/em>,\nuna de las sustancias responsables del desagradable olor del ano de los\nanimales y de sus excrementos. Curiosamente, cuando esta sustancia est\u00e1\npresente en cantidades m\u00ednimas y se combina con otros componentes, como sucede\nen la&nbsp;<strong>fragancia natural del jazm\u00edn<\/strong>, adquiere un\nagradable car\u00e1cter almizclado, que armoniza con el olor corporal y potencia la\nsensualidad. <\/li><li>Es un\npoderoso antidepresivo de naturaleza estimulante que permite recuperar la\nautoconfianza.<\/li><\/ul>\n\n\n\n<ul><li>El t\u00e9 de jazm\u00edn tiene una cantidad relativamente\n     baja de cafe\u00edna. Diversos estudios indican que el consumo peri\u00f3dico de t\u00e9\n     de jazm\u00edn puede reducir el colesterol y disminuir la probabilidad de\n     padecer problemas cardiovasculares.<\/li><li>Aceites esenciales \u2013 No es de extra\u00f1ar que el jazm\u00edn,\n     con su aroma particular, sea usado para la fabricaci\u00f3n de aceites\n     esenciales en aromaterapia. <\/li><li>Medicina natural \u2013 Las lociones y ung\u00fcentos de\n     jazm\u00edn se han usado durante siglos como tratamiento para sarpullidos y\n     quemaduras. Asimismo, el jazm\u00edn se usa en diferentes productos cosm\u00e9ticos\n     para combatir el envejecimiento de la piel.<\/li><li>En\nChina, las flores se emplean para tratar la disenter\u00eda y la hepatitis, y para\nperfumar el t\u00e9 negro.<\/li><li>En la\nherborister\u00eda europea, las&nbsp;<strong>propiedades astringentes<\/strong>&nbsp;del\njazm\u00edn se aprovechan para aliviar la inflamaci\u00f3n en piel y ojos, y es utilizado\nen gargarismos para combatir el dolor de garganta. <\/li><li>Se\npuede utilizar en el&nbsp;<strong>ba\u00f1o<\/strong>&nbsp;o en&nbsp;<strong>inhalaciones\nde vapor<\/strong>&nbsp;para tratar tos, catarro y laringitis, y en\naceite para masajes, para aliviar espasmos y desgarros musculares, aunque\nexisten otros aceites m\u00e1s econ\u00f3micos e igualmente eficaces.<\/li><li>El&nbsp;<strong>aceite\nde jazm\u00edn<\/strong>&nbsp;es fant\u00e1stico para tratar la piel que sufre las\nagresiones propias del ambiente urbano, ya se trate de piel seca, grasa, combinada\no normal.<\/li><li><em><strong>ADVERTENCIA<\/strong><\/em><em>&nbsp;Al contrario de lo indicado en muchos\ntextos de aromaterapia, las investigaciones recientes han revelado que el\njazm\u00edn inhibe la producci\u00f3n de leche materna, por lo que es preferible evitarlo\ncuando se est\u00e1 amamantando. Se cree que el jazm\u00edn estimula las contracciones\ndel \u00fatero. As\u00ed pues, es recomendable evitarlo durante el embarazo, aunque puede\nresultar muy \u00fatil durante el trabajo de parto.<\/em><em><\/em><\/li><li><em>En herborister\u00eda, las flores se pueden emplear\ncon total tranquilidad, pero las hojas, las ra\u00edces y las bayas pueden ser\nt\u00f3xicas.<\/em><em><\/em><\/li><li>&nbsp;<\/li><\/ul>\n\n\n\n<p><strong>Tips:<\/strong><\/p>\n\n\n\n<figure class=\"wp-block-image size-large\"><img decoding=\"async\" width=\"500\" height=\"328\" src=\"https:\/\/www.sattvarosascolombia.com\/admin\/wp-content\/uploads\/2020\/04\/3.jpg\" alt=\"\u00e9 y jazmines blancos\" class=\"wp-image-251\" srcset=\"https:\/\/sattvarosascolombia.com\/wp-content\/uploads\/2020\/04\/3.jpg 500w, https:\/\/sattvarosascolombia.com\/wp-content\/uploads\/2020\/04\/3-300x197.jpg 300w, https:\/\/sattvarosascolombia.com\/wp-content\/uploads\/2020\/04\/3-416x273.jpg 416w\" sizes=\"(max-width: 500px) 100vw, 500px\" \/><\/figure>\n\n\n\n<ul><li>Las\nflores la podemos consumir en infusiones o t\u00e9 verde, t\u00e9 negro y t\u00e9 blanco (\ndato importante las flores no se pueden hervir )<\/li><li>En la\nperfumer\u00eda francesa, el jazm\u00edn es simplemente&nbsp;<strong>la\nfleur<\/strong>, ya que interviene en la preparaci\u00f3n de la mayor\u00eda de los\nperfumes delicados. De hecho, el jazm\u00edn (o m\u00e1s corrientemente, sus numerosos\nsuced\u00e1neos sint\u00e9ticos) figura en el 83 % de las fragancias de mujer y en el 33\n% de los perfumes masculinos.<\/li><li>Las\nespecies m\u00e1s utilizadas en&nbsp;<a href=\"http:\/\/www.aromaterapias.net\/\" target=\"_blank\" rel=\"noreferrer noopener\">aromaterapia<\/a>&nbsp;y\nperfumer\u00eda son el&nbsp;<strong>jazm\u00edn de Espa\u00f1a o real<\/strong>&nbsp;(<em>jasminum\ngrandiflorum<\/em>) y el&nbsp;<strong>jazm\u00edn com\u00fan<\/strong>&nbsp;(<em>jasminurn\nofficinale<\/em>). Ambas especies se cultivan comercialmente en la cuenca\ndel Mediterr\u00e1neo, as\u00ed como en Egipto, Marruecos, India y China.<\/li><li>Las\nflores desprenden su exquisito aroma en las horas nocturnas, por lo que siempre\nse recogen al alba. Como los p\u00e9talos son muy susceptibles a los procesos de\nfermentaci\u00f3n, se env\u00edan r\u00e1pidamente a las destiler\u00edas, para su inmediato\ntratamiento.<\/li><li>A\u00f1adido\nal agua del ba\u00f1o, aplicado en masaje o simplemente inhalado, alivia las\nmolestias del s\u00edndrome premenstrual, las de la menopausia y los dolores\nmenstruales, adem\u00e1s de facilitar el desarrollo del parto.<\/li><li>Se\npuede utilizar en el&nbsp;<strong>ba\u00f1o<\/strong>&nbsp;o en&nbsp;<strong>inhalaciones\nde vapor<\/strong>&nbsp;para tratar tos, catarro y laringitis, y en\naceite para masajes, para aliviar espasmos y desgarros musculares. <\/li><li>El&nbsp;<strong>aceite\nde jazm\u00edn<\/strong>&nbsp;es fant\u00e1stico para tratar la piel que sufre las\nagresiones propias del ambiente urbano, ya se trate de piel seca, grasa,\ncombinada o normal.<\/li><li>El\nJazm\u00edn es un ant\u00eddoto natural para la depresi\u00f3n. Ponerse aceite en las manos e\ninhalarlo trasmutar\u00e1 nuestra estado emocional <\/li><li>Hacer\nvapor de agua con gotitas de aceite de Jazm\u00edn ayuda a liberar el sistema\nrespiratorio <\/li><li>Para\ndolores de cabeza mezclar Jazm\u00edn con s\u00e1ndalo y agua de rosas. <\/li><\/ul>\n\n\n\n<p><strong>Usos&nbsp;\nespirituales :<\/strong><strong><\/strong><\/p>\n\n\n\n<ul><li>Su\nnaturaleza es sattva&nbsp; ( imparte balance,\nequilibrio)<\/li><li>Las\nflores de Jazm\u00edn otorgan amor y compasi\u00f3n <\/li><li>El\nJazm\u00edn act\u00faa sobre el chakra&nbsp; del coraz\u00f3n<\/li><li>Act\u00faa\nsobre las sique &nbsp;para que la mente se\nvuelva m\u00e1s receptiva<\/li><li>El\njazm\u00edn ayuda a recibir la energ\u00eda de los mantras de forma m\u00e1s precisa <\/li><li>El\nJazm\u00edn se combina de forma perfecta con el s\u00e1ndalo blanco <\/li><li>Est\u00e1\nasociado con la sabidur\u00eda intuitiva y la percepci\u00f3n siendo \u00fatil para meditar\nporque libera inhibiciones y activa la imaginaci\u00f3n.<\/li><\/ul>\n\n\n\n<p>*Antiguo sistema de medicina tradicional hind\u00fa\nconocido como ayurveda tiene su origen en la India. El s\u00e1nscrito es una lengua\nmuy compleja a la hora de traducir de manera literal. La palabra&nbsp;<em>Ayurved<\/em>&nbsp;se\ncompone de dos vocablos s\u00e1nscritos,&nbsp;<em>Ayus&nbsp;<\/em>que significa\nlongevidad y<em>&nbsp;Ved&nbsp;<\/em>o&nbsp;<em>Veda<\/em>&nbsp;que\nquiere decir ciencia. Por lo tanto el&nbsp;<em>AyurVed<\/em>&nbsp;se define como\nla &#8220;ciencia de la longevidad&#8221;, aunque algunos prefieren llamarlo\n&#8220;el arte de vivir&#8221;.<\/p>\n","protected":false},"excerpt":{"rendered":"<p>Impr\u00e9gnate de la&nbsp; belleza y &nbsp;aroma de jazm\u00edn y conoce sus beneficios Jazm\u00edn es una palabra de origen &nbsp;persa qu\u00e9 significa \u201c El regalo de los dioses\u201d. Se le conoce como \u201cEl que florece en la noche\u201d . Por siglos&nbsp; ha sido una &nbsp;planta esencial en palacios y casas se\u00f1oriales de Oriente, principalmente por el [&hellip;]<\/p>\n","protected":false},"author":1,"featured_media":0,"parent":0,"menu_order":0,"comment_status":"closed","ping_status":"closed","template":"","meta":{"site-sidebar-layout":"default","site-content-layout":"","ast-site-content-layout":"","site-content-style":"default","site-sidebar-style":"default","ast-global-header-display":"","ast-banner-title-visibility":"","ast-main-header-display":"","ast-hfb-above-header-display":"","ast-hfb-below-header-display":"","ast-hfb-mobile-header-display":"","site-post-title":"","ast-breadcrumbs-content":"","ast-featured-img":"","footer-sml-layout":"","theme-transparent-header-meta":"","adv-header-id-meta":"","stick-header-meta":"","header-above-stick-meta":"","header-main-stick-meta":"","header-below-stick-meta":"","astra-migrate-meta-layouts":"default","ast-page-background-enabled":"default","ast-page-background-meta":{"desktop":{"background-color":"","background-image":"","background-repeat":"repeat","background-position":"center center","background-size":"auto","background-attachment":"scroll","background-type":"","background-media":"","overlay-type":"","overlay-color":"","overlay-gradient":""},"tablet":{"background-color":"","background-image":"","background-repeat":"repeat","background-position":"center center","background-size":"auto","background-attachment":"scroll","background-type":"","background-media":"","overlay-type":"","overlay-color":"","overlay-gradient":""},"mobile":{"background-color":"","background-image":"","background-repeat":"repeat","background-position":"center center","background-size":"auto","background-attachment":"scroll","background-type":"","background-media":"","overlay-type":"","overlay-color":"","overlay-gradient":""}},"ast-content-background-meta":{"desktop":{"background-color":"var(--ast-global-color-5)","background-image":"","background-repeat":"repeat","background-position":"center center","background-size":"auto","background-attachment":"scroll","background-type":"","background-media":"","overlay-type":"","overlay-color":"","overlay-gradient":""},"tablet":{"background-color":"var(--ast-global-color-5)","background-image":"","background-repeat":"repeat","background-position":"center center","background-size":"auto","background-attachment":"scroll","background-type":"","background-media":"","overlay-type":"","overlay-color":"","overlay-gradient":""},"mobile":{"background-color":"var(--ast-global-color-5)","background-image":"","background-repeat":"repeat","background-position":"center center","background-size":"auto","background-attachment":"scroll","background-type":"","background-media":"","overlay-type":"","overlay-color":"","overlay-gradient":""}},"footnotes":""},"_links":{"self":[{"href":"https:\/\/sattvarosascolombia.com\/index.php\/wp-json\/wp\/v2\/pages\/26"}],"collection":[{"href":"https:\/\/sattvarosascolombia.com\/index.php\/wp-json\/wp\/v2\/pages"}],"about":[{"href":"https:\/\/sattvarosascolombia.com\/index.php\/wp-json\/wp\/v2\/types\/page"}],"author":[{"embeddable":true,"href":"https:\/\/sattvarosascolombia.com\/index.php\/wp-json\/wp\/v2\/users\/1"}],"replies":[{"embeddable":true,"href":"https:\/\/sattvarosascolombia.com\/index.php\/wp-json\/wp\/v2\/comments?post=26"}],"version-history":[{"count":3,"href":"https:\/\/sattvarosascolombia.com\/index.php\/wp-json\/wp\/v2\/pages\/26\/revisions"}],"predecessor-version":[{"id":252,"href":"https:\/\/sattvarosascolombia.com\/index.php\/wp-json\/wp\/v2\/pages\/26\/revisions\/252"}],"wp:attachment":[{"href":"https:\/\/sattvarosascolombia.com\/index.php\/wp-json\/wp\/v2\/media?parent=26"}],"curies":[{"name":"wp","href":"https:\/\/api.w.org\/{rel}","templated":true}]}}