{"id":116,"date":"2020-04-04T05:55:20","date_gmt":"2020-04-04T05:55:20","guid":{"rendered":"https:\/\/www.sattvarosascolombia.com\/admin\/?post_type=product&#038;p=116"},"modified":"2020-04-04T05:55:20","modified_gmt":"2020-04-04T05:55:20","slug":"florero-y-degustaciones","status":"publish","type":"product","link":"https:\/\/sattvarosascolombia.com\/index.php\/producto\/florero-y-degustaciones\/","title":{"rendered":"Florero y Degustaciones"},"content":{"rendered":"<p>Florero de vidrio con 6 rosas color fucsia y flores silvestres, mezclado con porci\u00f3n de ar\u00e1ndanos, porci\u00f3n de fresas, porci\u00f3n de moras, porci\u00f3n de monedas de chocolate, porci\u00f3n de nueces creativamente organizados en caja de de madera para un detalle excepcional.<\/p>\n","protected":false},"excerpt":{"rendered":"<p>Florero de vidrio con 6 rosas color fucsia y flores silvestres, mezclado con porci\u00f3n de ar\u00e1ndanos, porci\u00f3n de fresas, porci\u00f3n de moras, porci\u00f3n de monedas de chocolate, porci\u00f3n de nueces creativamente organizados en caja de de madera para un detalle excepcional.<\/p>\n","protected":false},"featured_media":117,"comment_status":"open","ping_status":"closed","template":"","meta":{"site-sidebar-layout":"default","site-content-layout":"","ast-site-content-layout":"","site-content-style":"default","site-sidebar-style":"default","ast-global-header-display":"","ast-banner-title-visibility":"","ast-main-header-display":"","ast-hfb-above-header-display":"","ast-hfb-below-header-display":"","ast-hfb-mobile-header-display":"","site-post-title":"","ast-breadcrumbs-content":"","ast-featured-img":"","footer-sml-layout":"","theme-transparent-header-meta":"","adv-header-id-meta":"","stick-header-meta":"","header-above-stick-meta":"","header-main-stick-meta":"","header-below-stick-meta":"","astra-migrate-meta-layouts":"default","ast-page-background-enabled":"default","ast-page-background-meta":{"desktop":{"background-color":"","background-image":"","background-repeat":"repeat","background-position":"center center","background-size":"auto","background-attachment":"scroll","background-type":"","background-media":"","overlay-type":"","overlay-color":"","overlay-gradient":""},"tablet":{"background-color":"","background-image":"","background-repeat":"repeat","background-position":"center center","background-size":"auto","background-attachment":"scroll","background-type":"","background-media":"","overlay-type":"","overlay-color":"","overlay-gradient":""},"mobile":{"background-color":"","background-image":"","background-repeat":"repeat","background-position":"center center","background-size":"auto","background-attachment":"scroll","background-type":"","background-media":"","overlay-type":"","overlay-color":"","overlay-gradient":""}},"ast-content-background-meta":{"desktop":{"background-color":"var(--ast-global-color-5)","background-image":"","background-repeat":"repeat","background-position":"center center","background-size":"auto","background-attachment":"scroll","background-type":"","background-media":"","overlay-type":"","overlay-color":"","overlay-gradient":""},"tablet":{"background-color":"var(--ast-global-color-5)","background-image":"","background-repeat":"repeat","background-position":"center center","background-size":"auto","background-attachment":"scroll","background-type":"","background-media":"","overlay-type":"","overlay-color":"","overlay-gradient":""},"mobile":{"background-color":"var(--ast-global-color-5)","background-image":"","background-repeat":"repeat","background-position":"center center","background-size":"auto","background-attachment":"scroll","background-type":"","background-media":"","overlay-type":"","overlay-color":"","overlay-gradient":""}}},"product_cat":[20],"product_tag":[],"_links":{"self":[{"href":"https:\/\/sattvarosascolombia.com\/index.php\/wp-json\/wp\/v2\/product\/116"}],"collection":[{"href":"https:\/\/sattvarosascolombia.com\/index.php\/wp-json\/wp\/v2\/product"}],"about":[{"href":"https:\/\/sattvarosascolombia.com\/index.php\/wp-json\/wp\/v2\/types\/product"}],"replies":[{"embeddable":true,"href":"https:\/\/sattvarosascolombia.com\/index.php\/wp-json\/wp\/v2\/comments?post=116"}],"wp:featuredmedia":[{"embeddable":true,"href":"https:\/\/sattvarosascolombia.com\/index.php\/wp-json\/wp\/v2\/media\/117"}],"wp:attachment":[{"href":"https:\/\/sattvarosascolombia.com\/index.php\/wp-json\/wp\/v2\/media?parent=116"}],"wp:term":[{"taxonomy":"product_cat","embeddable":true,"href":"https:\/\/sattvarosascolombia.com\/index.php\/wp-json\/wp\/v2\/product_cat?post=116"},{"taxonomy":"product_tag","embeddable":true,"href":"https:\/\/sattvarosascolombia.com\/index.php\/wp-json\/wp\/v2\/product_tag?post=116"}],"curies":[{"name":"wp","href":"https:\/\/api.w.org\/{rel}","templated":true}]}}