{"id":277,"date":"2020-04-25T21:54:14","date_gmt":"2020-04-25T21:54:14","guid":{"rendered":"https:\/\/www.sattvarosascolombia.com\/?post_type=product&#038;p=277"},"modified":"2020-08-21T17:13:20","modified_gmt":"2020-08-21T17:13:20","slug":"esencia-para-manejar-el-miedo","status":"publish","type":"product","link":"https:\/\/sattvarosascolombia.com\/index.php\/producto\/esencia-para-manejar-el-miedo\/","title":{"rendered":"Esencia Para Manejar El Miedo"},"content":{"rendered":"<table width=\"315\">\n<tbody>\n<tr>\n<td width=\"315\">Mimulus o mimulo en castellano, es la esencia floral del sistema de Bach que quita el miedo \u201cconocido\u201d, a las cosas que sabemos que nos da miedo.<\/td>\n<\/tr>\n<\/tbody>\n<\/table>\n<table width=\"308\">\n<tbody>\n<tr>\n<td width=\"308\">La imagen que est\u00e1 ac\u00e1, es una imagen de referencia con respecto a los nombres aqu\u00ed mencionados. Al momento de la compra, el frasco aparecer\u00e1 con su componentes y al final de \u00e9ste, las iniciales del diagn\u00f3stico. Dosis Recomendada:<\/td>\n<\/tr>\n<\/tbody>\n<\/table>\n","protected":false},"excerpt":{"rendered":"<p>Mimulus o mimulo en castellano, es la esencia floral del sistema de Bach que quita el miedo \u201cconocido\u201d, a las cosas que sabemos que nos da miedo. La imagen que est\u00e1 ac\u00e1, es una imagen de referencia con respecto a los nombres aqu\u00ed mencionados. Al momento de la compra, el frasco aparecer\u00e1 con su componentes [&hellip;]<\/p>\n","protected":false},"featured_media":1174,"comment_status":"open","ping_status":"closed","template":"","meta":{"site-sidebar-layout":"default","site-content-layout":"","ast-site-content-layout":"","site-content-style":"default","site-sidebar-style":"default","ast-global-header-display":"","ast-banner-title-visibility":"","ast-main-header-display":"","ast-hfb-above-header-display":"","ast-hfb-below-header-display":"","ast-hfb-mobile-header-display":"","site-post-title":"","ast-breadcrumbs-content":"","ast-featured-img":"","footer-sml-layout":"","theme-transparent-header-meta":"","adv-header-id-meta":"","stick-header-meta":"","header-above-stick-meta":"","header-main-stick-meta":"","header-below-stick-meta":"","astra-migrate-meta-layouts":"default","ast-page-background-enabled":"default","ast-page-background-meta":{"desktop":{"background-color":"","background-image":"","background-repeat":"repeat","background-position":"center center","background-size":"auto","background-attachment":"scroll","background-type":"","background-media":"","overlay-type":"","overlay-color":"","overlay-gradient":""},"tablet":{"background-color":"","background-image":"","background-repeat":"repeat","background-position":"center center","background-size":"auto","background-attachment":"scroll","background-type":"","background-media":"","overlay-type":"","overlay-color":"","overlay-gradient":""},"mobile":{"background-color":"","background-image":"","background-repeat":"repeat","background-position":"center center","background-size":"auto","background-attachment":"scroll","background-type":"","background-media":"","overlay-type":"","overlay-color":"","overlay-gradient":""}},"ast-content-background-meta":{"desktop":{"background-color":"var(--ast-global-color-5)","background-image":"","background-repeat":"repeat","background-position":"center center","background-size":"auto","background-attachment":"scroll","background-type":"","background-media":"","overlay-type":"","overlay-color":"","overlay-gradient":""},"tablet":{"background-color":"var(--ast-global-color-5)","background-image":"","background-repeat":"repeat","background-position":"center center","background-size":"auto","background-attachment":"scroll","background-type":"","background-media":"","overlay-type":"","overlay-color":"","overlay-gradient":""},"mobile":{"background-color":"var(--ast-global-color-5)","background-image":"","background-repeat":"repeat","background-position":"center center","background-size":"auto","background-attachment":"scroll","background-type":"","background-media":"","overlay-type":"","overlay-color":"","overlay-gradient":""}}},"product_cat":[26,22],"product_tag":[],"_links":{"self":[{"href":"https:\/\/sattvarosascolombia.com\/index.php\/wp-json\/wp\/v2\/product\/277"}],"collection":[{"href":"https:\/\/sattvarosascolombia.com\/index.php\/wp-json\/wp\/v2\/product"}],"about":[{"href":"https:\/\/sattvarosascolombia.com\/index.php\/wp-json\/wp\/v2\/types\/product"}],"replies":[{"embeddable":true,"href":"https:\/\/sattvarosascolombia.com\/index.php\/wp-json\/wp\/v2\/comments?post=277"}],"wp:featuredmedia":[{"embeddable":true,"href":"https:\/\/sattvarosascolombia.com\/index.php\/wp-json\/wp\/v2\/media\/1174"}],"wp:attachment":[{"href":"https:\/\/sattvarosascolombia.com\/index.php\/wp-json\/wp\/v2\/media?parent=277"}],"wp:term":[{"taxonomy":"product_cat","embeddable":true,"href":"https:\/\/sattvarosascolombia.com\/index.php\/wp-json\/wp\/v2\/product_cat?post=277"},{"taxonomy":"product_tag","embeddable":true,"href":"https:\/\/sattvarosascolombia.com\/index.php\/wp-json\/wp\/v2\/product_tag?post=277"}],"curies":[{"name":"wp","href":"https:\/\/api.w.org\/{rel}","templated":true}]}}